{"id":24762,"date":"2025-03-07T13:37:20","date_gmt":"2025-03-07T12:37:20","guid":{"rendered":"https:\/\/www.nuvia.com\/policy-for-cookies\/"},"modified":"2025-10-10T09:38:09","modified_gmt":"2025-10-10T07:38:09","slug":"policy-for-cookies","status":"publish","type":"page","link":"https:\/\/www.nuvia.com\/sv\/policy-for-cookies\/","title":{"rendered":"Policy f\u00f6r cookies"},"content":{"rendered":"<div id=\"som\" class=\"fusion-container-anchor\"><div class=\"fusion-fullwidth fullwidth-box fusion-builder-row-1 fusion-flex-container has-pattern-background has-mask-background nonhundred-percent-fullwidth non-hundred-percent-height-scrolling\" style=\"--link_hover_color: var(--awb-color5);--link_color: var(--awb-color5);--awb-background-position:right top;--awb-background-blend-mode:overlay;--awb-border-color:var(--awb-color1);--awb-border-radius-top-left:0px;--awb-border-radius-top-right:0px;--awb-border-radius-bottom-right:0px;--awb-border-radius-bottom-left:0px;--awb-padding-top:120px;--awb-padding-bottom:120px;--awb-padding-top-medium:90px;--awb-padding-bottom-medium:90px;--awb-padding-top-small:80px;--awb-padding-bottom-small:80px;--awb-margin-bottom-medium:0px;--awb-background-color:var(--awb-color1);--awb-flex-wrap:wrap;\" ><div class=\"fusion-builder-row fusion-row fusion-flex-align-items-center fusion-flex-content-wrap\" style=\"max-width:1248px;margin-left: calc(-4% \/ 2 );margin-right: calc(-4% \/ 2 );\"><div class=\"fusion-layout-column fusion_builder_column fusion-builder-column-0 fusion_builder_column_1_1 1_1 fusion-flex-column\" style=\"--awb-bg-size:cover;--awb-width-large:100%;--awb-margin-top-large:0px;--awb-spacing-right-large:1.92%;--awb-margin-bottom-large:20px;--awb-spacing-left-large:1.92%;--awb-width-medium:100%;--awb-order-medium:0;--awb-spacing-right-medium:1.92%;--awb-spacing-left-medium:1.92%;--awb-width-small:100%;--awb-order-small:0;--awb-spacing-right-small:1.92%;--awb-spacing-left-small:1.92%;\"><div class=\"fusion-column-wrapper fusion-column-has-shadow fusion-flex-justify-content-flex-start fusion-content-layout-column\"><div class=\"fusion-text fusion-text-1\"><div class=\"fusion-text fusion-text-1\">\n<p>Nuvia, som \u00e4r den part som ansvarar f\u00f6r behandlingen av personuppgifter i samband med hanteringen av webbplatsen, kommer sannolikt att installera cookies p\u00e5 din utrustning n\u00e4r du bes\u00f6ker webbplatsen och anv\u00e4nda cookies i e-postmeddelanden som skickas till dig.<\/p>\n<p>Syftet med denna cookiepolicy \u00e4r att ge dig information om de olika cookies som anv\u00e4nds, deras syften och dina r\u00e4ttigheter, s\u00e4rskilt n\u00e4r det g\u00e4ller att st\u00e4lla in parametrarna.<\/p>\n<h2 class=\"fusion-responsive-typography-calculated\" data-fontsize=\"40\" data-lineheight=\"50px\"><strong>1) VAD \u00c4R EN COOKIE?<\/strong><\/h2>\n<p>Cookies \u00e4r sm\u00e5 text-, bild- eller programfiler som kan l\u00e4sas eller placeras p\u00e5 din enhet (dator, surfplatta, smartphone eller n\u00e5gon annan enhet som anv\u00e4nds f\u00f6r att komma \u00e5t Internet) n\u00e4r du bes\u00f6ker v\u00e5r webbplats.<\/p>\n<p>Cookies anv\u00e4nds p\u00e5 webbplatsen och lagras tillf\u00e4lligt p\u00e5 anv\u00e4ndarens datorterminal, t.ex. en dator, surfplatta och\/eller smartphone, f\u00f6r att underl\u00e4tta surfning och optimera webbplatsens kvalitet. Dessa cookies kan avvisas av anv\u00e4ndaren med f\u00f6rbeh\u00e5ll f\u00f6r de val och alternativ som anv\u00e4ndaren n\u00e4r som helst kan uttrycka. <\/p>\n<p>De cookies som anv\u00e4nds p\u00e5 denna webbplats kan placeras antingen av v\u00e5r webbplats eller av en tredjepartswebbplats. Dessa cookies kan vara sessionscookies eller permanenta cookies: en sessionscookie \u00e4r en cookie som raderas automatiskt n\u00e4r anv\u00e4ndaren st\u00e4nger webbl\u00e4saren, medan en permanent cookie lagras p\u00e5 anv\u00e4ndarens dator tills dess utg\u00e5ngsdatum. <\/p>\n<p>De cookies som anv\u00e4nds p\u00e5 webbplatsen har en maximal livsl\u00e4ngd p\u00e5 12 m\u00e5nader.<\/p>\n<h2 class=\"fusion-responsive-typography-calculated\" data-fontsize=\"40\" data-lineheight=\"50px\"><strong>2) VILKA TYPER AV COOKIES ANV\u00c4NDS OCH I VILKET SYFTE?<\/strong><\/h2>\n<p>Vi anv\u00e4nder f\u00f6ljande olika typer av cookies p\u00e5 denna webbplats:<\/p>\n<ul>\n<li>\n<h3 class=\"fusion-responsive-typography-calculated\" data-fontsize=\"20\" data-lineheight=\"30px\"><strong>Obligatoriska<\/strong><strong> tekniska cookies och sessionscookies<\/strong><\/h3>\n<\/li>\n<\/ul>\n<p>Dessa cookies \u00e4r n\u00f6dv\u00e4ndiga f\u00f6r att du ska kunna surfa p\u00e5 v\u00e5r webbplats och dra full nytta av dess funktioner, till exempel tillg\u00e5ng till vissa s\u00e4kra internetsidor. Utan dessa cookies kan vissa av de tj\u00e4nster du beg\u00e4r inte tillhandah\u00e5llas. <\/p>\n<p>De obligatoriska cookies som anv\u00e4nds p\u00e5 webbplatsen \u00e4r f\u00f6ljande:<\/p>\n<ul>\n<li>\n<ul>\n<li>PHPSESSID<\/li>\n<li>lang<\/li>\n<li>JSESSIONID<\/li>\n<li>wp-wpml_aktuellt_spr\u00e5k<\/li>\n<\/ul>\n<\/li>\n<\/ul>\n<ul>\n<li>\n<h3 class=\"fusion-responsive-typography-calculated\" data-fontsize=\"20\" data-lineheight=\"30px\"><strong>Funktions- och prestandacookies :<\/strong><\/h3>\n<\/li>\n<\/ul>\n<p>Dessa cookies g\u00f6r det m\u00f6jligt f\u00f6r webbplatsen att spara dina inst\u00e4llningsval f\u00f6r att kunna ge dig f\u00f6rb\u00e4ttrad och mer personlig funktionalitet. Dessa cookies kan ocks\u00e5 anv\u00e4ndas f\u00f6r att komma ih\u00e5g \u00e4ndringar som du har gjort av textstorlek, teckensnitt och andra delar av webbsidor som du har anpassat. De kan ocks\u00e5 anv\u00e4ndas f\u00f6r att f\u00f6rse dig med vissa tj\u00e4nster som du har beg\u00e4rt, till exempel att titta p\u00e5 en video.  <\/p>\n<p>Dessa cookies kan inte sp\u00e5ra din surfaktivitet p\u00e5 andra webbplatser och samlar inte in n\u00e5gon information om dig som kan anv\u00e4ndas f\u00f6r reklam\u00e4ndam\u00e5l.<\/p>\n<ul>\n<li>\n<ul>\n<li>Typsnitt.googleapis.com<\/li>\n<li>Ggpht.com<\/li>\n<li>Linkedin<\/li>\n<li>L\u00e4gg till<\/li>\n<li>Instagram<\/li>\n<li>Ytimg.com<\/li>\n<li>lidc<\/li>\n<li>lissc<\/li>\n<\/ul>\n<\/li>\n<\/ul>\n<p>De prestandacookies som anv\u00e4nds p\u00e5 webbplatsen \u00e4r f\u00f6ljande:<\/p>\n<ul>\n<li>\n<ul>\n<li>Cdninstagram<\/li>\n<li>Licdn.com<\/li>\n<\/ul>\n<\/li>\n<\/ul>\n<ul>\n<li>\n<h3 class=\"fusion-responsive-typography-calculated\" data-fontsize=\"20\" data-lineheight=\"30px\"><strong>Cookies f\u00f6r m\u00e5lgruppsm\u00e4tning :<\/strong><\/h3>\n<\/li>\n<\/ul>\n<p>Dessa cookies anv\u00e4nds f\u00f6r att samla in information om hur bes\u00f6kare anv\u00e4nder v\u00e5r webbplats, t.ex. vilka sidor som bes\u00f6ks oftast eller f\u00f6rekomsten av felmeddelanden p\u00e5 vissa sidor. All information som samlas in via dessa cookies anonymiseras och samlas in i det enda syftet att utveckla och \u00f6vervaka trafikm\u00f6nster p\u00e5 v\u00e5r webbplats f\u00f6r att f\u00f6rb\u00e4ttra hur den fungerar. <\/p>\n<p>Denna information anv\u00e4nds endast av Nuvia och delas inte med tredje part.<\/p>\n<p>De cookies f\u00f6r publikm\u00e4tning som anv\u00e4nds f\u00f6r analytiska \u00e4ndam\u00e5l p\u00e5 webbplatsen \u00e4r f\u00f6ljande:<\/p>\n<ul>\n<li>\n<ul>\n<li>_ga<\/li>\n<li>_gat<\/li>\n<li>_gid<\/li>\n<\/ul>\n<\/li>\n<\/ul>\n<ul>\n<li>\n<h3 class=\"fusion-responsive-typography-calculated\" data-fontsize=\"20\" data-lineheight=\"30px\"><strong>Cookies f\u00f6r riktad reklam :<\/strong><\/h3>\n<\/li>\n<\/ul>\n<p>Riktade cookies anv\u00e4nds f\u00f6r att m\u00e4ta effektiviteten i en reklamkampanj genom att m\u00f6jligg\u00f6ra distribution av riktade annonser som lyssnar p\u00e5 anv\u00e4ndare och vars \u00e5terkommande utseende \u00e4r begr\u00e4nsat.<\/p>\n<ul>\n<li>\n<ul>\n<li>gads<\/li>\n<li>DSID<\/li>\n<li>IDE<\/li>\n<li>test_cookies<\/li>\n<li>APISID<\/li>\n<li>SAMTYCKE<\/li>\n<li>GPS<\/li>\n<li>HSID<\/li>\n<li>LOGIN_INFO<\/li>\n<li>PREF<\/li>\n<li>SAPISID<\/li>\n<li>SID<\/li>\n<li>SSID<\/li>\n<li>BES\u00d6KARE_INFO1_LIVE<\/li>\n<li>YSC<\/li>\n<\/ul>\n<\/li>\n<\/ul>\n<h2 class=\"fusion-responsive-typography-calculated\" data-fontsize=\"40\" data-lineheight=\"50px\"><strong>3) COOKIES OCH PERSONUPPGIFTER<\/strong><\/h2>\n<p>Cookies som deponeras eller anv\u00e4nds kan leda till insamling av personuppgifter, i synnerhet identifieringsuppgifter (IP-adress), anslutningsuppgifter, acceptansuppgifter, identitetsuppgifter och kontaktuppgifter vars skydd, integritet och konfidentialitet omfattas av v\u00e5r &#8221;Policy f\u00f6r skydd av personuppgifter&#8221;.<\/p>\n<p>Tredjepartswebbplatser f\u00f6r sociala medier kan samla in viss information (t.ex. IP-adress, webbl\u00e4sartyp, spr\u00e5k som anv\u00e4nds eller tidpunkt f\u00f6r \u00e5tkomst) om du \u00e4r ansluten till dessa webbplatser medan du surfar p\u00e5 v\u00e5r webbplats. Dessa webbplatser kan ocks\u00e5 l\u00e4nka denna insamlade information med din profilinformation som finns tillg\u00e4nglig p\u00e5 deras egen webbplats. Vi kontrollerar inte dessa sp\u00e5rningstekniker fr\u00e5n tredje part, s\u00e5 vi rekommenderar att du l\u00e4ser anv\u00e4ndarvillkoren och integritetspolicyn f\u00f6r dessa tredjepartswebbplatser innan du anv\u00e4nder dem.  <\/p>\n<p>Andra cookies kan samla in personuppgifter (inklusive information fr\u00e5n cookies som placeras av v\u00e5ra annonsl\u00e4nkar p\u00e5 tredje parts webbplatser):<\/p>\n<p>&#8211; Om en anv\u00e4ndare \u00e4r en registrerad anv\u00e4ndare;<\/p>\n<p>Om vi skickar ett riktat e-postmeddelande till dig som inneh\u00e5ller webb-beacons, cookies eller liknande teknik, vet vi om du \u00f6ppnar, l\u00e4ser eller raderar det e-postmeddelandet.<\/p>\n<h2 class=\"fusion-responsive-typography-calculated\" data-fontsize=\"40\" data-lineheight=\"50px\"><strong>4) \u00d6VRIG UPPF\u00d6LJNING<\/strong><\/h2>\n<p>Nuvia anv\u00e4nder ocks\u00e5 teknik som i allt v\u00e4sentligt liknar cookies, t.ex. internettaggar eller annan teknik som kan f\u00f6rekomma i e-postmeddelanden eller nyhetsbrev f\u00f6r att avg\u00f6ra om dessa meddelanden har konsulterats eller om du har klickat p\u00e5 de l\u00e4nkar som de inneh\u00e5ller. Internettaggar lagrar inga uppgifter p\u00e5 din dator, men kan anv\u00e4ndas tillsammans med cookies f\u00f6r att analysera surfaktiviteten p\u00e5 webbplatsen. <\/p>\n<h2 class=\"fusion-responsive-typography-calculated\" data-fontsize=\"20\" data-lineheight=\"30px\"><strong>5) HUR DU ACCEPTERAR ELLER AVVISAR COOKIES<\/strong><\/h2>\n<p>Med Nuvia kan du hantera och konfigurera dina cookies och acceptera eller neka alla eller vissa av de cookies som placeras.<\/p>\n<p>Vi vill dock p\u00e5minna dig om att avaktivering av cookies kan leda till att vissa inst\u00e4llningar eller viss information \u00e4ndras eller g\u00e5r f\u00f6rlorade. Radering av cookies kan f\u00f6r\u00e4ndra eller till och med g\u00f6ra det sv\u00e5rt att navigera p\u00e5 webbplatsen. <\/p>\n<p>F\u00f6r att ge dig kontinuerlig tillg\u00e5ng till dina cookie-inst\u00e4llningar och full kontroll \u00f6ver de uppgifter som samlas in, ger Nuvia dig ett verktyg f\u00f6r att hantera dina samtycken genom att klicka nedan:<\/p>\n<\/div>\n<h3 class=\"fusion-responsive-typography-calculated\" data-fontsize=\"20\" data-lineheight=\"30px\"><a class=\"ct-ultimate-triggler-modal-sc\" href=\"https:\/\/www.nuvia.com\/sv\/policy-for-cookies\/\">Klicka h\u00e4r f\u00f6r att \u00e4ndra niv\u00e5erna f\u00f6r accepterade cookies.<\/a><\/h3>\n<div class=\"fusion-text fusion-text-2\">\n<p>Om du inte vill ta emot cookies fr\u00e5n v\u00e5r webbplats kan du konfigurera din webbl\u00e4sare i enlighet med detta. F\u00f6lj d\u00e4rf\u00f6r anvisningarna nedan beroende p\u00e5 vilken webbl\u00e4sare du anv\u00e4nder: <\/p>\n<ul>\n<li>Om du anv\u00e4nder <a href=\"https:\/\/support.microsoft.com\/fr-fr\/help\/17442\/windows-internet-explorer-delete-manage-cookies\">Internet Explorer<\/a><\/li>\n<\/ul>\n<ol>\n<li>V\u00e4lj menyn &#8221;Verktyg&#8221; och sedan &#8221;Internetalternativ&#8221;.<\/li>\n<li>Klicka p\u00e5 fliken &#8221;Confidentiality&#8221;.<\/li>\n<li>V\u00e4lj \u00f6nskad niv\u00e5 med hj\u00e4lp av skjutreglaget.<\/li>\n<\/ol>\n<ul>\n<li>Om du anv\u00e4nder <a href=\"https:\/\/support.mozilla.org\/en-US\/kb\/clear-cookies-and-site-data-firefox\" target=\"_blank\" rel=\"noopener noreferrer\">Firefox<\/a><\/li>\n<\/ul>\n<ol>\n<li>V\u00e4lj &#8221;Verktyg&#8221; &gt; &#8221;Alternativ&#8221;.<\/li>\n<li>Klicka p\u00e5 alternativet &#8221;Sekretess och s\u00e4kerhet&#8221;.<\/li>\n<\/ol>\n<ul>\n<li>Om du anv\u00e4nder <a href=\"https:\/\/support.apple.com\/kb\/ph5042?locale=en_US\">Safari<\/a><\/li>\n<\/ul>\n<ol>\n<li>V\u00e4lj menyn &#8221;Safari&#8221;.<\/li>\n<li>Klicka p\u00e5 alternativet &#8221;Inst\u00e4llningar&#8221;.<\/li>\n<li>Klicka p\u00e5 alternativet &#8221;Sekretess&#8221;.<\/li>\n<li>Klicka p\u00e5 &#8221;Hantera webbplatsdata&#8221;.<\/li>\n<\/ol>\n<ul>\n<li>Om du anv\u00e4nder<a href=\"https:\/\/support.google.com\/chrome\/answer\/95647?hl=fr\">Google Chrome<\/a><\/li>\n<\/ul>\n<ol>\n<li>\u00d6ppna Chrome.<\/li>\n<li>Klicka p\u00e5 &#8221;Fler parametrar&#8221; i det \u00f6vre h\u00f6gra h\u00f6rnet.<\/li>\n<li>Under &#8221;Konfidentialitet och s\u00e4kerhet&#8221; klickar du p\u00e5 &#8221;Cookies och annan webbplatsdata&#8221;.<\/li>\n<li>Klicka p\u00e5 &#8221;Visa alla cookies och webbplatsdata&#8221;.<\/li>\n<li>Klicka p\u00e5 &#8221;Erase&#8221;.<\/li>\n<li>Bekr\u00e4fta genom att klicka p\u00e5 &#8221;Radera alla&#8221;.<\/li>\n<\/ol>\n<h3 class=\"fusion-responsive-typography-calculated\" data-fontsize=\"20\" data-lineheight=\"30px\"><\/h3>\n<h3 class=\"fusion-responsive-typography-calculated\" data-fontsize=\"20\" data-lineheight=\"30px\"><strong>MODIFIKATION<\/strong><\/h3>\n<p>Denna policy uppdaterades i: Oktober 2023.<br \/>\nDen kan \u00e4ndras n\u00e4r som helst i h\u00e4ndelse av \u00e4ndringar i lagstiftning, r\u00e4ttspraxis eller rekommendationer fr\u00e5n CNIL.<\/p>\n<\/div>\n<\/div><\/div><\/div><\/div><\/div><\/div>\n","protected":false},"excerpt":{"rendered":"","protected":false},"author":1,"featured_media":3248,"parent":0,"menu_order":0,"comment_status":"closed","ping_status":"closed","template":"100-width.php","meta":{"_acf_changed":false,"footnotes":""},"class_list":["post-24762","page","type-page","status-publish","has-post-thumbnail","hentry"],"acf":[],"yoast_head":"<!-- This site is optimized with the Yoast SEO Premium plugin v26.4 (Yoast SEO v27.2) - https:\/\/yoast.com\/product\/yoast-seo-premium-wordpress\/ -->\n<title>NUVIA:s policy f\u00f6r cookies<\/title>\n<meta name=\"robots\" content=\"index, follow, max-snippet:-1, max-image-preview:large, max-video-preview:-1\" \/>\n<link rel=\"canonical\" href=\"https:\/\/www.nuvia.com\/sv\/policy-for-cookies\/\" \/>\n<meta property=\"og:locale\" content=\"sv_SE\" \/>\n<meta property=\"og:type\" content=\"article\" \/>\n<meta property=\"og:title\" content=\"Policy f\u00f6r cookies\" \/>\n<meta property=\"og:url\" content=\"https:\/\/www.nuvia.com\/sv\/policy-for-cookies\/\" \/>\n<meta property=\"og:site_name\" content=\"Nuvia\" \/>\n<meta property=\"article:modified_time\" content=\"2025-10-10T07:38:09+00:00\" \/>\n<meta property=\"og:image\" content=\"https:\/\/www.nuvia.com\/wp-content\/uploads\/sites\/2\/2025\/01\/banner_1920x1005.jpg\" \/>\n\t<meta property=\"og:image:width\" content=\"1920\" \/>\n\t<meta property=\"og:image:height\" content=\"1005\" \/>\n\t<meta property=\"og:image:type\" content=\"image\/jpeg\" \/>\n<meta name=\"twitter:card\" content=\"summary_large_image\" \/>\n<meta name=\"twitter:label1\" content=\"Ber\u00e4knad l\u00e4stid\" \/>\n\t<meta name=\"twitter:data1\" content=\"9 minuter\" \/>\n<script type=\"application\/ld+json\" class=\"yoast-schema-graph\">{\"@context\":\"https:\/\/schema.org\",\"@graph\":[{\"@type\":\"WebPage\",\"@id\":\"https:\/\/www.nuvia.com\/sv\/policy-for-cookies\/\",\"url\":\"https:\/\/www.nuvia.com\/sv\/policy-for-cookies\/\",\"name\":\"NUVIA:s policy f\u00f6r cookies\",\"isPartOf\":{\"@id\":\"https:\/\/www.nuvia.com\/sv\/#website\"},\"primaryImageOfPage\":{\"@id\":\"https:\/\/www.nuvia.com\/sv\/policy-for-cookies\/#primaryimage\"},\"image\":{\"@id\":\"https:\/\/www.nuvia.com\/sv\/policy-for-cookies\/#primaryimage\"},\"thumbnailUrl\":\"https:\/\/www.nuvia.com\/wp-content\/uploads\/sites\/2\/2025\/01\/banner_1920x1005.jpg\",\"datePublished\":\"2025-03-07T12:37:20+00:00\",\"dateModified\":\"2025-10-10T07:38:09+00:00\",\"breadcrumb\":{\"@id\":\"https:\/\/www.nuvia.com\/sv\/policy-for-cookies\/#breadcrumb\"},\"inLanguage\":\"sv-SE\",\"potentialAction\":[{\"@type\":\"ReadAction\",\"target\":[\"https:\/\/www.nuvia.com\/sv\/policy-for-cookies\/\"]}]},{\"@type\":\"ImageObject\",\"inLanguage\":\"sv-SE\",\"@id\":\"https:\/\/www.nuvia.com\/sv\/policy-for-cookies\/#primaryimage\",\"url\":\"https:\/\/www.nuvia.com\/wp-content\/uploads\/sites\/2\/2025\/01\/banner_1920x1005.jpg\",\"contentUrl\":\"https:\/\/www.nuvia.com\/wp-content\/uploads\/sites\/2\/2025\/01\/banner_1920x1005.jpg\",\"width\":1920,\"height\":1005,\"caption\":\"Nuvia\"},{\"@type\":\"BreadcrumbList\",\"@id\":\"https:\/\/www.nuvia.com\/sv\/policy-for-cookies\/#breadcrumb\",\"itemListElement\":[{\"@type\":\"ListItem\",\"position\":1,\"name\":\"Hem\",\"item\":\"https:\/\/www.nuvia.com\/sv\/\"},{\"@type\":\"ListItem\",\"position\":2,\"name\":\"Policy f\u00f6r cookies\"}]},{\"@type\":\"WebSite\",\"@id\":\"https:\/\/www.nuvia.com\/sv\/#website\",\"url\":\"https:\/\/www.nuvia.com\/sv\/\",\"name\":\"Nuvia\",\"description\":\"Supporting your energy\",\"publisher\":{\"@id\":\"https:\/\/www.nuvia.com\/sv\/#organization\"},\"alternateName\":\"Nuvia\",\"potentialAction\":[{\"@type\":\"SearchAction\",\"target\":{\"@type\":\"EntryPoint\",\"urlTemplate\":\"https:\/\/www.nuvia.com\/sv\/?s={search_term_string}\"},\"query-input\":{\"@type\":\"PropertyValueSpecification\",\"valueRequired\":true,\"valueName\":\"search_term_string\"}}],\"inLanguage\":\"sv-SE\"},{\"@type\":[\"Organization\",\"Place\"],\"@id\":\"https:\/\/www.nuvia.com\/sv\/#organization\",\"name\":\"NUVIA\",\"alternateName\":\"NUVIA\",\"url\":\"https:\/\/www.nuvia.com\/sv\/\",\"logo\":{\"@id\":\"https:\/\/www.nuvia.com\/sv\/policy-for-cookies\/#local-main-organization-logo\"},\"image\":{\"@id\":\"https:\/\/www.nuvia.com\/sv\/policy-for-cookies\/#local-main-organization-logo\"},\"sameAs\":[\"https:\/\/www.linkedin.com\/company\/nuviagroup\/\",\"https:\/\/www.youtube.com\/@nuviagroup\"],\"description\":\"NUVIA is an international company providing innovative solutions in EPC, engineering, services and products for highly regulated and sensitive industrial sites with over 60 years of experience in the nuclear industry.\",\"legalName\":\"Nuvia\",\"foundingDate\":\"2008-01-19\",\"numberOfEmployees\":{\"@type\":\"QuantitativeValue\",\"minValue\":\"1001\",\"maxValue\":\"5000\"},\"publishingPrinciples\":\"https:\/\/www.nuvia.com\/about-nuvia\/\",\"ownershipFundingInfo\":\"https:\/\/www.nuvia.com\/about-nuvia\/\",\"actionableFeedbackPolicy\":\"https:\/\/www.nuvia.com\/legal-mentions\/\",\"correctionsPolicy\":\"https:\/\/www.nuvia.com\/legal-mentions\/\",\"ethicsPolicy\":\"https:\/\/www.nuvia.com\/about-nuvia\/our-commitments\/\",\"diversityPolicy\":\"https:\/\/www.nuvia.com\/join-us\/working-at-nuvia-worldwide\/\",\"diversityStaffingReport\":\"https:\/\/www.nuvia.com\/join-us\/working-at-nuvia-worldwide\/\",\"address\":{\"@id\":\"https:\/\/www.nuvia.com\/sv\/policy-for-cookies\/#local-main-place-address\"},\"geo\":{\"@type\":\"GeoCoordinates\",\"latitude\":\"48.873600006103516\",\"longitude\":\"2.1653122901916504\"},\"telephone\":[\"0147767585\"],\"contactPoint\":{\"@type\":\"ContactPoint\",\"telephone\":\"0147767585\",\"email\":\"contact@nuvia.com\"},\"openingHoursSpecification\":[{\"@type\":\"OpeningHoursSpecification\",\"dayOfWeek\":[\"Monday\",\"Tuesday\",\"Wednesday\",\"Thursday\",\"Friday\",\"Saturday\",\"Sunday\"],\"opens\":\"09:00\",\"closes\":\"17:00\"}],\"email\":\"contact@nuvia.com\",\"vatID\":\"FR94348473950\"},{\"@type\":\"PostalAddress\",\"@id\":\"https:\/\/www.nuvia.com\/sv\/policy-for-cookies\/#local-main-place-address\",\"streetAddress\":\"280 AVENUE NAPOLEON BONAPARTE\",\"addressLocality\":\"RUEIL MALMAISON\",\"postalCode\":\"92500\",\"addressCountry\":\"FR\"},{\"@type\":\"ImageObject\",\"inLanguage\":\"sv-SE\",\"@id\":\"https:\/\/www.nuvia.com\/sv\/policy-for-cookies\/#local-main-organization-logo\",\"url\":\"https:\/\/www.nuvia.com\/wp-content\/uploads\/sites\/2\/2025\/12\/N-logH-CQ.jpg\",\"contentUrl\":\"https:\/\/www.nuvia.com\/wp-content\/uploads\/sites\/2\/2025\/12\/N-logH-CQ.jpg\",\"width\":838,\"height\":297,\"caption\":\"NUVIA\"}]}<\/script>\n<meta name=\"geo.placename\" content=\"RUEIL MALMAISON\" \/>\n<meta name=\"geo.position\" content=\"48.873600006103516;2.1653122901916504\" \/>\n<meta name=\"geo.region\" content=\"Frankrike\" \/>\n<!-- \/ Yoast SEO Premium plugin. -->","yoast_head_json":{"title":"NUVIA:s policy f\u00f6r cookies","robots":{"index":"index","follow":"follow","max-snippet":"max-snippet:-1","max-image-preview":"max-image-preview:large","max-video-preview":"max-video-preview:-1"},"canonical":"https:\/\/www.nuvia.com\/sv\/policy-for-cookies\/","og_locale":"sv_SE","og_type":"article","og_title":"Policy f\u00f6r cookies","og_url":"https:\/\/www.nuvia.com\/sv\/policy-for-cookies\/","og_site_name":"Nuvia","article_modified_time":"2025-10-10T07:38:09+00:00","og_image":[{"width":1920,"height":1005,"url":"https:\/\/www.nuvia.com\/wp-content\/uploads\/sites\/2\/2025\/01\/banner_1920x1005.jpg","type":"image\/jpeg"}],"twitter_card":"summary_large_image","twitter_misc":{"Ber\u00e4knad l\u00e4stid":"9 minuter"},"schema":{"@context":"https:\/\/schema.org","@graph":[{"@type":"WebPage","@id":"https:\/\/www.nuvia.com\/sv\/policy-for-cookies\/","url":"https:\/\/www.nuvia.com\/sv\/policy-for-cookies\/","name":"NUVIA:s policy f\u00f6r cookies","isPartOf":{"@id":"https:\/\/www.nuvia.com\/sv\/#website"},"primaryImageOfPage":{"@id":"https:\/\/www.nuvia.com\/sv\/policy-for-cookies\/#primaryimage"},"image":{"@id":"https:\/\/www.nuvia.com\/sv\/policy-for-cookies\/#primaryimage"},"thumbnailUrl":"https:\/\/www.nuvia.com\/wp-content\/uploads\/sites\/2\/2025\/01\/banner_1920x1005.jpg","datePublished":"2025-03-07T12:37:20+00:00","dateModified":"2025-10-10T07:38:09+00:00","breadcrumb":{"@id":"https:\/\/www.nuvia.com\/sv\/policy-for-cookies\/#breadcrumb"},"inLanguage":"sv-SE","potentialAction":[{"@type":"ReadAction","target":["https:\/\/www.nuvia.com\/sv\/policy-for-cookies\/"]}]},{"@type":"ImageObject","inLanguage":"sv-SE","@id":"https:\/\/www.nuvia.com\/sv\/policy-for-cookies\/#primaryimage","url":"https:\/\/www.nuvia.com\/wp-content\/uploads\/sites\/2\/2025\/01\/banner_1920x1005.jpg","contentUrl":"https:\/\/www.nuvia.com\/wp-content\/uploads\/sites\/2\/2025\/01\/banner_1920x1005.jpg","width":1920,"height":1005,"caption":"Nuvia"},{"@type":"BreadcrumbList","@id":"https:\/\/www.nuvia.com\/sv\/policy-for-cookies\/#breadcrumb","itemListElement":[{"@type":"ListItem","position":1,"name":"Hem","item":"https:\/\/www.nuvia.com\/sv\/"},{"@type":"ListItem","position":2,"name":"Policy f\u00f6r cookies"}]},{"@type":"WebSite","@id":"https:\/\/www.nuvia.com\/sv\/#website","url":"https:\/\/www.nuvia.com\/sv\/","name":"Nuvia","description":"Supporting your energy","publisher":{"@id":"https:\/\/www.nuvia.com\/sv\/#organization"},"alternateName":"Nuvia","potentialAction":[{"@type":"SearchAction","target":{"@type":"EntryPoint","urlTemplate":"https:\/\/www.nuvia.com\/sv\/?s={search_term_string}"},"query-input":{"@type":"PropertyValueSpecification","valueRequired":true,"valueName":"search_term_string"}}],"inLanguage":"sv-SE"},{"@type":["Organization","Place"],"@id":"https:\/\/www.nuvia.com\/sv\/#organization","name":"NUVIA","alternateName":"NUVIA","url":"https:\/\/www.nuvia.com\/sv\/","logo":{"@id":"https:\/\/www.nuvia.com\/sv\/policy-for-cookies\/#local-main-organization-logo"},"image":{"@id":"https:\/\/www.nuvia.com\/sv\/policy-for-cookies\/#local-main-organization-logo"},"sameAs":["https:\/\/www.linkedin.com\/company\/nuviagroup\/","https:\/\/www.youtube.com\/@nuviagroup"],"description":"NUVIA is an international company providing innovative solutions in EPC, engineering, services and products for highly regulated and sensitive industrial sites with over 60 years of experience in the nuclear industry.","legalName":"Nuvia","foundingDate":"2008-01-19","numberOfEmployees":{"@type":"QuantitativeValue","minValue":"1001","maxValue":"5000"},"publishingPrinciples":"https:\/\/www.nuvia.com\/about-nuvia\/","ownershipFundingInfo":"https:\/\/www.nuvia.com\/about-nuvia\/","actionableFeedbackPolicy":"https:\/\/www.nuvia.com\/legal-mentions\/","correctionsPolicy":"https:\/\/www.nuvia.com\/legal-mentions\/","ethicsPolicy":"https:\/\/www.nuvia.com\/about-nuvia\/our-commitments\/","diversityPolicy":"https:\/\/www.nuvia.com\/join-us\/working-at-nuvia-worldwide\/","diversityStaffingReport":"https:\/\/www.nuvia.com\/join-us\/working-at-nuvia-worldwide\/","address":{"@id":"https:\/\/www.nuvia.com\/sv\/policy-for-cookies\/#local-main-place-address"},"geo":{"@type":"GeoCoordinates","latitude":"48.873600006103516","longitude":"2.1653122901916504"},"telephone":["0147767585"],"contactPoint":{"@type":"ContactPoint","telephone":"0147767585","email":"contact@nuvia.com"},"openingHoursSpecification":[{"@type":"OpeningHoursSpecification","dayOfWeek":["Monday","Tuesday","Wednesday","Thursday","Friday","Saturday","Sunday"],"opens":"09:00","closes":"17:00"}],"email":"contact@nuvia.com","vatID":"FR94348473950"},{"@type":"PostalAddress","@id":"https:\/\/www.nuvia.com\/sv\/policy-for-cookies\/#local-main-place-address","streetAddress":"280 AVENUE NAPOLEON BONAPARTE","addressLocality":"RUEIL MALMAISON","postalCode":"92500","addressCountry":"FR"},{"@type":"ImageObject","inLanguage":"sv-SE","@id":"https:\/\/www.nuvia.com\/sv\/policy-for-cookies\/#local-main-organization-logo","url":"https:\/\/www.nuvia.com\/wp-content\/uploads\/sites\/2\/2025\/12\/N-logH-CQ.jpg","contentUrl":"https:\/\/www.nuvia.com\/wp-content\/uploads\/sites\/2\/2025\/12\/N-logH-CQ.jpg","width":838,"height":297,"caption":"NUVIA"}]},"geo.placename":"RUEIL MALMAISON","geo.position":{"lat":"48.873600006103516","long":"2.1653122901916504"},"geo.region":"Frankrike"},"_links":{"self":[{"href":"https:\/\/www.nuvia.com\/sv\/wp-json\/wp\/v2\/pages\/24762","targetHints":{"allow":["GET"]}}],"collection":[{"href":"https:\/\/www.nuvia.com\/sv\/wp-json\/wp\/v2\/pages"}],"about":[{"href":"https:\/\/www.nuvia.com\/sv\/wp-json\/wp\/v2\/types\/page"}],"author":[{"embeddable":true,"href":"https:\/\/www.nuvia.com\/sv\/wp-json\/wp\/v2\/users\/1"}],"replies":[{"embeddable":true,"href":"https:\/\/www.nuvia.com\/sv\/wp-json\/wp\/v2\/comments?post=24762"}],"version-history":[{"count":1,"href":"https:\/\/www.nuvia.com\/sv\/wp-json\/wp\/v2\/pages\/24762\/revisions"}],"predecessor-version":[{"id":24769,"href":"https:\/\/www.nuvia.com\/sv\/wp-json\/wp\/v2\/pages\/24762\/revisions\/24769"}],"wp:featuredmedia":[{"embeddable":true,"href":"https:\/\/www.nuvia.com\/sv\/wp-json\/wp\/v2\/media\/3248"}],"wp:attachment":[{"href":"https:\/\/www.nuvia.com\/sv\/wp-json\/wp\/v2\/media?parent=24762"}],"curies":[{"name":"wp","href":"https:\/\/api.w.org\/{rel}","templated":true}]}}